{"id":2,"date":"2014-08-11T15:44:16","date_gmt":"2014-08-11T15:44:16","guid":{"rendered":"http:\/\/nomadscatalans.net\/georgia\/?page_id=2"},"modified":"2014-08-12T13:20:20","modified_gmt":"2014-08-12T11:20:20","slug":"aquest-blog","status":"publish","type":"page","link":"http:\/\/nomadscatalans.net\/georgia\/aquest-blog\/","title":{"rendered":"Qu\u00e8 \u00e9s aquest blog?"},"content":{"rendered":"<p>Aquest blog es una manera simple de recollir l&#8217;experi\u00e8ncia d&#8217;aquest viatge a Ge\u00f2rgia a l&#8217;estiu de 2014.<\/p>\n<p>Podeu veure altres viatges\/blogs visitant <a href=\"http:\/\/nomadscatalans.net\/\" title=\"http:\/\/nomadscatalans.net\/\" target=\"_blank\">http:\/\/nomadscatalans.net\/<\/a><\/p>\n","protected":false},"excerpt":{"rendered":"<p>Aquest blog es una manera simple de recollir l&#8217;experi\u00e8ncia d&#8217;aquest viatge a Ge\u00f2rgia a l&#8217;estiu de 2014. Podeu veure altres viatges\/blogs visitant http:\/\/nomadscatalans.net\/<\/p>\n","protected":false},"author":1,"featured_media":0,"parent":0,"menu_order":0,"comment_status":"open","ping_status":"open","template":"","meta":{"footnotes":""},"class_list":["post-2","page","type-page","status-publish","hentry"],"_links":{"self":[{"href":"http:\/\/nomadscatalans.net\/georgia\/wp-json\/wp\/v2\/pages\/2","targetHints":{"allow":["GET"]}}],"collection":[{"href":"http:\/\/nomadscatalans.net\/georgia\/wp-json\/wp\/v2\/pages"}],"about":[{"href":"http:\/\/nomadscatalans.net\/georgia\/wp-json\/wp\/v2\/types\/page"}],"author":[{"embeddable":true,"href":"http:\/\/nomadscatalans.net\/georgia\/wp-json\/wp\/v2\/users\/1"}],"replies":[{"embeddable":true,"href":"http:\/\/nomadscatalans.net\/georgia\/wp-json\/wp\/v2\/comments?post=2"}],"version-history":[{"count":2,"href":"http:\/\/nomadscatalans.net\/georgia\/wp-json\/wp\/v2\/pages\/2\/revisions"}],"predecessor-version":[{"id":63,"href":"http:\/\/nomadscatalans.net\/georgia\/wp-json\/wp\/v2\/pages\/2\/revisions\/63"}],"wp:attachment":[{"href":"http:\/\/nomadscatalans.net\/georgia\/wp-json\/wp\/v2\/media?parent=2"}],"curies":[{"name":"wp","href":"https:\/\/api.w.org\/{rel}","templated":true}]}}